{"id":193,"date":"2016-07-05T13:31:35","date_gmt":"2016-07-05T11:31:35","guid":{"rendered":"https:\/\/agnethahenne.de\/en\/agnetha-henne\/"},"modified":"2016-07-23T12:30:54","modified_gmt":"2016-07-23T10:30:54","slug":"agnetha-henne","status":"publish","type":"page","link":"https:\/\/agnethahenne.de\/en\/three-principles\/agnetha-henne\/","title":{"rendered":"Contact"},"content":{"rendered":"\n<style type=\"text\/css\" data-created_by=\"avia_inline_auto\" id=\"style-css-av-av_two_fifth-6126cab7d8fab8d08143dd2dacdf673c\">\n.flex_column.av-av_two_fifth-6126cab7d8fab8d08143dd2dacdf673c{\nborder-radius:0px 0px 0px 0px;\npadding:0px 0px 0px 0px;\n}\n<\/style>\n<div  class='flex_column av-av_two_fifth-6126cab7d8fab8d08143dd2dacdf673c av_two_fifth  avia-builder-el-0  el_before_av_three_fifth  avia-builder-el-first  first flex_column_div av-zero-column-padding  '     ><style type=\"text\/css\" data-created_by=\"avia_inline_auto\" id=\"style-css-av-av_image-6b0d6061b8354c5eb2fed621a7424726\">\n.avia-image-container.av-av_image-6b0d6061b8354c5eb2fed621a7424726 img.avia_image{\nbox-shadow:none;\n}\n.avia-image-container.av-av_image-6b0d6061b8354c5eb2fed621a7424726 .av-image-caption-overlay-center{\ncolor:#ffffff;\n}\n<\/style>\n<div  class='avia-image-container av-av_image-6b0d6061b8354c5eb2fed621a7424726 av-styling- avia-align-center  avia-builder-el-1  avia-builder-el-no-sibling '   itemprop=\"image\" itemscope=\"itemscope\" itemtype=\"https:\/\/schema.org\/ImageObject\" ><div class=\"avia-image-container-inner\"><div class=\"avia-image-overlay-wrap\"><img decoding=\"async\" fetchpriority=\"high\" class='wp-image-1020 avia-img-lazy-loading-not-1020 avia_image ' src=\"https:\/\/agnethahenne.de\/wp-content\/uploads\/2016\/07\/92A5847-200x300.jpg\" alt='' title='Profilbild'  height=\"300\" width=\"200\"  itemprop=\"thumbnailUrl\" srcset=\"https:\/\/agnethahenne.de\/wp-content\/uploads\/2016\/07\/92A5847-200x300.jpg 200w, https:\/\/agnethahenne.de\/wp-content\/uploads\/2016\/07\/92A5847-768x1152.jpg 768w, https:\/\/agnethahenne.de\/wp-content\/uploads\/2016\/07\/92A5847-687x1030.jpg 687w, https:\/\/agnethahenne.de\/wp-content\/uploads\/2016\/07\/92A5847-1000x1500.jpg 1000w, https:\/\/agnethahenne.de\/wp-content\/uploads\/2016\/07\/92A5847-470x705.jpg 470w, https:\/\/agnethahenne.de\/wp-content\/uploads\/2016\/07\/92A5847-450x675.jpg 450w\" sizes=\"(max-width: 200px) 100vw, 200px\" \/><\/div><\/div><\/div><\/div>\n\n<style type=\"text\/css\" data-created_by=\"avia_inline_auto\" id=\"style-css-av-av_three_fifth-0aa7055fe62c3622faec82866afbaeb2\">\n.flex_column.av-av_three_fifth-0aa7055fe62c3622faec82866afbaeb2{\nborder-radius:0px 0px 0px 0px;\npadding:0px 0px 0px 0px;\n}\n<\/style>\n<div  class='flex_column av-av_three_fifth-0aa7055fe62c3622faec82866afbaeb2 av_three_fifth  avia-builder-el-2  el_after_av_two_fifth  el_before_av_mailchimp  flex_column_div av-zero-column-padding  '     ><section  class='av_textblock_section av-av_textblock-0366cc7376be6c9e82a3e9cc8987b64f '   itemscope=\"itemscope\" itemtype=\"https:\/\/schema.org\/CreativeWork\" ><div class='avia_textblock'  itemprop=\"text\" ><h3>Allgemein:<\/h3>\n<p>F\u00fcr allgmeine Fragen (Preise, Coaching, etc.) schreiben Sie mir bitte einfach eine <a href=\"http:\/\/mail@agnethahenne.de\">Email<\/a>.<\/p>\n<h3><\/h3>\n<h3><\/h3>\n<h3>Termine\/Hilfe:<\/h3>\n<p>F\u00fcr die Vereinbarung von Terminen, oder bei akuten gesundheitlichen Problemen, k\u00f6nnen Sie sich gerne per SMS oder WhatsApp bei mir melden: 0176 21959389<\/p>\n<h3>Info:<\/h3>\n<p>Wenn Sie gerne \u00fcber Vortr\u00e4ge informiert werden, oder Artikel \u00fcber gesundheitliche Themen per Mail bekommen m\u00f6chten, tragen Sie sich bitte f\u00fcr den Newsletter ein (siehe unten).<\/p>\n<\/div><\/section><\/div><\/p>\n","protected":false},"excerpt":{"rendered":"","protected":false},"author":1,"featured_media":0,"parent":221,"menu_order":0,"comment_status":"closed","ping_status":"closed","template":"","meta":{"footnotes":""},"class_list":["post-193","page","type-page","status-publish","hentry"],"_links":{"self":[{"href":"https:\/\/agnethahenne.de\/en\/wp-json\/wp\/v2\/pages\/193","targetHints":{"allow":["GET"]}}],"collection":[{"href":"https:\/\/agnethahenne.de\/en\/wp-json\/wp\/v2\/pages"}],"about":[{"href":"https:\/\/agnethahenne.de\/en\/wp-json\/wp\/v2\/types\/page"}],"author":[{"embeddable":true,"href":"https:\/\/agnethahenne.de\/en\/wp-json\/wp\/v2\/users\/1"}],"replies":[{"embeddable":true,"href":"https:\/\/agnethahenne.de\/en\/wp-json\/wp\/v2\/comments?post=193"}],"version-history":[{"count":3,"href":"https:\/\/agnethahenne.de\/en\/wp-json\/wp\/v2\/pages\/193\/revisions"}],"predecessor-version":[{"id":196,"href":"https:\/\/agnethahenne.de\/en\/wp-json\/wp\/v2\/pages\/193\/revisions\/196"}],"up":[{"embeddable":true,"href":"https:\/\/agnethahenne.de\/en\/wp-json\/wp\/v2\/pages\/221"}],"wp:attachment":[{"href":"https:\/\/agnethahenne.de\/en\/wp-json\/wp\/v2\/media?parent=193"}],"curies":[{"name":"wp","href":"https:\/\/api.w.org\/{rel}","templated":true}]}}